{"id":204575,"date":"2017-12-12T10:55:44","date_gmt":"2017-12-12T10:55:44","guid":{"rendered":"https:\/\/marisanvella.lavallweb.com\/?page_id=204575"},"modified":"2017-12-12T10:55:44","modified_gmt":"2017-12-12T10:55:44","slug":"nosotros","status":"publish","type":"page","link":"https:\/\/marisanvella.lavallweb.com\/?page_id=204575","title":{"rendered":"Nosotros"},"content":{"rendered":"<p>[et_pb_section bb_built=&#8221;1&#8243; admin_label=&#8221;Hero Section&#8221; background_color=&#8221;#ffffff&#8221; custom_padding_last_edited=&#8221;on|desktop&#8221; _builder_version=&#8221;3.0.105&#8243; background_image=&#8221;https:\/\/marisanvella.lavallweb.com\/wp-content\/uploads\/2017\/12\/about-us.jpg&#8221; parallax=&#8221;on&#8221; parallax_method=&#8221;off&#8221; custom_padding=&#8221;58px|0px|52px|0px&#8221; custom_padding_tablet=&#8221;50px|0|50px|0&#8243; custom_css_after=&#8221;content: %22%22;||background: url(&#8216;https:\/\/www.infiniteimagination.com.au\/rhm\/wp-content\/uploads\/2016\/08\/mask.png&#8217;) repeat;||top: 0;||left: 0;||bottom: 0;||right: 0;||position: absolute;||z-index: 1;||&#8221; transparent_background=&#8221;off&#8221; collapsed=&#8221;off&#8221; animation_style=&#8221;fade&#8221; animation_duration=&#8221;1500ms&#8221; next_background_color=&#8221;#ffffff&#8221;][et_pb_row admin_label=&#8221;Our Guides Title&#8221; custom_padding=&#8221;30px|0px|0px|0px&#8221; custom_padding_tablet=&#8221;0px||0px|&#8221; custom_padding_last_edited=&#8221;on|tablet&#8221; _builder_version=&#8221;3.0.76&#8243; background_size=&#8221;initial&#8221; background_position=&#8221;top_left&#8221; background_repeat=&#8221;repeat&#8221;][et_pb_column type=&#8221;4_4&#8243;][et_pb_text admin_label=&#8221;Team Title&#8221; _builder_version=&#8221;3.0.105&#8243; text_font=&#8221;||||&#8221; text_text_color=&#8221;#1a1a1a&#8221; header_font=&#8221;Oswald|on||on|&#8221; header_text_align=&#8221;center&#8221; header_font_size=&#8221;60px&#8221; header_line_height=&#8221;1.3em&#8221; background_size=&#8221;initial&#8221; background_position=&#8221;top_left&#8221; background_repeat=&#8221;repeat&#8221; module_alignment=&#8221;center&#8221; custom_margin=&#8221;|||&#8221; custom_padding=&#8221;|||&#8221; animation_style=&#8221;slide&#8221; animation_direction=&#8221;top&#8221; animation_intensity_slide=&#8221;10%&#8221; locked=&#8221;off&#8221; animation_duration=&#8221;2000ms&#8221;]<\/p>\n<h1><span style=\"color: #ffffff;\">nosotros<\/span><\/h1>\n<p>[\/et_pb_text][et_pb_divider color=&#8221;#f8cc2e&#8221; show_divider=&#8221;on&#8221; divider_position=&#8221;center&#8221; divider_weight=&#8221;3px&#8221; height=&#8221;false&#8221; disabled_on=&#8221;off|off|off&#8221; _builder_version=&#8221;3.0.89&#8243; max_width=&#8221;150px&#8221; module_alignment=&#8221;center&#8221; custom_margin=&#8221;30px|||&#8221; animation_style=&#8221;slide&#8221; animation_direction=&#8221;top&#8221; animation_delay=&#8221;100ms&#8221; animation_intensity_slide=&#8221;10%&#8221; locked=&#8221;off&#8221;]<\/p>\n<p>[\/et_pb_divider][\/et_pb_column][\/et_pb_row][\/et_pb_section][et_pb_section bb_built=&#8221;1&#8243; admin_label=&#8221;Section&#8221; background_color=&#8221;#ffffff&#8221; disabled_on=&#8221;||off&#8221; module_id=&#8221;next1&#8243; custom_padding_last_edited=&#8221;on|desktop&#8221; _builder_version=&#8221;3.0.47&#8243; custom_padding_tablet=&#8221;50px|0|50px|0&#8243; transparent_background=&#8221;off&#8221; padding_mobile=&#8221;off&#8221; collapsed=&#8221;on&#8221; prev_background_color=&#8221;#000000&#8243; next_background_color=&#8221;#000000&#8243;][et_pb_row admin_label=&#8221;Row&#8221; use_custom_gutter=&#8221;on&#8221; gutter_width=&#8221;2&#8243; custom_padding=&#8221;27px|0px|21px|0px&#8221; column_padding_mobile=&#8221;on&#8221; parallax_method_1=&#8221;off&#8221; parallax_method_2=&#8221;off&#8221; parallax_method_3=&#8221;off&#8221; _builder_version=&#8221;3.0.89&#8243; background_size=&#8221;initial&#8221; background_position=&#8221;top_left&#8221; background_repeat=&#8221;repeat&#8221; module_alignment=&#8221;center&#8221;][et_pb_column type=&#8221;1_3&#8243;][et_pb_cta admin_label=&#8221;Long story short&#8221; use_background_color=&#8221;off&#8221; background_layout=&#8221;light&#8221; disabled_on=&#8221;off|off|off&#8221; _builder_version=&#8221;3.0.105&#8243; header_font=&#8221;Oswald|700||on|||||&#8221; header_font_size=&#8221;61px&#8221; header_font_size_tablet=&#8221;55px&#8221; header_font_size_phone=&#8221;38px&#8221; header_font_size_last_edited=&#8221;on|phone&#8221; header_text_color=&#8221;#494949&#8243; header_line_height=&#8221;1.4em&#8221; body_font=&#8221;Open Sans||||&#8221; body_font_size=&#8221;16&#8243; body_line_height=&#8221;1.5em&#8221; background_size=&#8221;initial&#8221; background_position=&#8221;top_left&#8221; background_repeat=&#8221;repeat&#8221; custom_margin=&#8221;6px||0px|&#8221; custom_padding=&#8221;||0px|&#8221; animation_style=&#8221;fold&#8221; animation_direction=&#8221;left&#8221; animation_duration=&#8221;1350ms&#8221; animation_delay=&#8221;50ms&#8221; animation_intensity_fold=&#8221;70%&#8221; custom_css_promo_title=&#8221;font-weight: 800;&#8221; use_border_color=&#8221;off&#8221; border_color=&#8221;#ffffff&#8221; border_style=&#8221;solid&#8221; button_text_size__hover_enabled=&#8221;off&#8221; button_text_size__hover=&#8221;null&#8221; button_one_text_size__hover_enabled=&#8221;off&#8221; button_one_text_size__hover=&#8221;null&#8221; button_two_text_size__hover_enabled=&#8221;off&#8221; button_two_text_size__hover=&#8221;null&#8221; button_text_color__hover_enabled=&#8221;off&#8221; button_text_color__hover=&#8221;null&#8221; button_one_text_color__hover_enabled=&#8221;off&#8221; button_one_text_color__hover=&#8221;null&#8221; button_two_text_color__hover_enabled=&#8221;off&#8221; button_two_text_color__hover=&#8221;null&#8221; button_border_width__hover_enabled=&#8221;off&#8221; button_border_width__hover=&#8221;null&#8221; button_one_border_width__hover_enabled=&#8221;off&#8221; button_one_border_width__hover=&#8221;null&#8221; button_two_border_width__hover_enabled=&#8221;off&#8221; button_two_border_width__hover=&#8221;null&#8221; button_border_color__hover_enabled=&#8221;off&#8221; button_border_color__hover=&#8221;null&#8221; button_one_border_color__hover_enabled=&#8221;off&#8221; button_one_border_color__hover=&#8221;null&#8221; button_two_border_color__hover_enabled=&#8221;off&#8221; button_two_border_color__hover=&#8221;null&#8221; button_border_radius__hover_enabled=&#8221;off&#8221; button_border_radius__hover=&#8221;null&#8221; button_one_border_radius__hover_enabled=&#8221;off&#8221; button_one_border_radius__hover=&#8221;null&#8221; button_two_border_radius__hover_enabled=&#8221;off&#8221; button_two_border_radius__hover=&#8221;null&#8221; button_letter_spacing__hover_enabled=&#8221;off&#8221; button_letter_spacing__hover=&#8221;null&#8221; button_one_letter_spacing__hover_enabled=&#8221;off&#8221; button_one_letter_spacing__hover=&#8221;null&#8221; button_two_letter_spacing__hover_enabled=&#8221;off&#8221; button_two_letter_spacing__hover=&#8221;null&#8221; button_bg_color__hover_enabled=&#8221;off&#8221; button_bg_color__hover=&#8221;null&#8221; button_one_bg_color__hover_enabled=&#8221;off&#8221; button_one_bg_color__hover=&#8221;null&#8221; button_two_bg_color__hover_enabled=&#8221;off&#8221; button_two_bg_color__hover=&#8221;null&#8221;]<\/p>\n<h2><span style=\"color: #212121;\">Un poco de<\/span> <span style=\"color: #f8cc2e;\">Historia&#8230;<\/span><\/h2>\n<p>[\/et_pb_cta][\/et_pb_column][et_pb_column type=&#8221;2_3&#8243;][et_pb_text admin_label=&#8221;Text&#8221; _builder_version=&#8221;3.0.89&#8243; text_font=&#8221;Roboto|500|||||||&#8221; text_font_size=&#8221;16&#8243; text_text_color=&#8221;#666666&#8243; text_line_height=&#8221;1.5em&#8221; background_size=&#8221;initial&#8221; background_position=&#8221;top_left&#8221; background_repeat=&#8221;repeat&#8221; module_alignment=&#8221;left&#8221; custom_margin=&#8221;20px|||&#8221; animation_style=&#8221;fold&#8221; animation_direction=&#8221;right&#8221; animation_duration=&#8221;1350ms&#8221; animation_delay=&#8221;50ms&#8221; animation_intensity_fold=&#8221;70%&#8221; use_border_color=&#8221;off&#8221; border_color=&#8221;#ffffff&#8221; border_style=&#8221;solid&#8221;]<\/p>\n<p>En Marisan nos dedicamos al desarrollo, dise\u00f1o y fabricaci\u00f3n de atomizadores, pulverizadores, barras de herbicida, remolques y toda clase de equipos para la aplicaci\u00f3n de productos fitosanitarios y la protecci\u00f3n de cultivos en general. Nuestra experiencia como empresa se remonta a m\u00e1s de 100 a\u00f1os al servicio del agricultor que se ha ido transmitiendo de generaci\u00f3n en generaci\u00f3n.<\/p>\n<p>Una vez consolidados comenzamos a plantear interesantes innovaciones, como el primer atomizador autopropulsado diesel en Espa\u00f1a. Fue entonces cuando la empresa empez\u00f3 a crecer y a desarrollar m\u00e1s productos para el campo.<\/p>\n<p>Desde ese momento, modernizamos nuestros productos e instalaciones y nos especializamos en la fabricaci\u00f3n de atomizadores y pulverizadores para distintos cultivos buscando siempre la calidad y eficacia.<\/p>\n<p>[\/et_pb_text][\/et_pb_column][\/et_pb_row][et_pb_row admin_label=&#8221;Row&#8221; use_custom_gutter=&#8221;on&#8221; gutter_width=&#8221;1&#8243; custom_padding=&#8221;28px|0px|35px|0px&#8221; column_padding_mobile=&#8221;on&#8221; parallax_method_1=&#8221;off&#8221; parallax_method_2=&#8221;off&#8221; _builder_version=&#8221;3.0.105&#8243; background_size=&#8221;initial&#8221; background_position=&#8221;top_left&#8221; background_repeat=&#8221;repeat&#8221; locked=&#8221;off&#8221;][et_pb_column type=&#8221;1_2&#8243;][et_pb_image admin_label=&#8221;Image&#8221; src=&#8221;https:\/\/marisanvella.lavallweb.com\/wp-content\/uploads\/2018\/02\/MARISANFOTO2.jpg&#8221; disabled_on=&#8221;off|off|off&#8221; _builder_version=&#8221;3.0.105&#8243; custom_margin=&#8221;|-50px||50px&#8221; custom_margin_tablet=&#8221;|0px||&#8221; custom_margin_last_edited=&#8221;off|desktop&#8221; animation_style=&#8221;slide&#8221; animation_direction=&#8221;right&#8221; animation_duration=&#8221;1350ms&#8221; animation_delay=&#8221;50ms&#8221; animation_intensity_slide=&#8221;10%&#8221; use_border_color=&#8221;off&#8221; border_color=&#8221;#ffffff&#8221; border_style=&#8221;solid&#8221; animation=&#8221;right&#8221; sticky=&#8221;off&#8221;]<\/p>\n<p>[\/et_pb_image][\/et_pb_column][et_pb_column type=&#8221;1_2&#8243;][et_pb_image admin_label=&#8221;Image&#8221; src=&#8221;https:\/\/marisanvella.lavallweb.com\/wp-content\/uploads\/2018\/02\/MARISANFOTO1.jpg&#8221; disabled_on=&#8221;off|off|off&#8221; _builder_version=&#8221;3.0.105&#8243; custom_margin=&#8221;100px|50px||-50px&#8221; custom_margin_tablet=&#8221;|0px||&#8221; custom_margin_last_edited=&#8221;off|desktop&#8221; animation_style=&#8221;slide&#8221; animation_direction=&#8221;left&#8221; animation_duration=&#8221;1350ms&#8221; animation_delay=&#8221;50ms&#8221; animation_intensity_slide=&#8221;10%&#8221; use_border_color=&#8221;off&#8221; border_color=&#8221;#ffffff&#8221; border_style=&#8221;solid&#8221; animation=&#8221;left&#8221; sticky=&#8221;off&#8221;]<\/p>\n<p>[\/et_pb_image][\/et_pb_column][\/et_pb_row][et_pb_row admin_label=&#8221;Row&#8221; custom_padding=&#8221;15px|0px|27px|0px&#8221; _builder_version=&#8221;3.0.47&#8243; background_size=&#8221;initial&#8221; background_position=&#8221;top_left&#8221; background_repeat=&#8221;repeat&#8221;][et_pb_column type=&#8221;2_3&#8243;][et_pb_text admin_label=&#8221;Text&#8221; _builder_version=&#8221;3.0.89&#8243; text_font=&#8221;Roboto||||||||&#8221; text_font_size=&#8221;16&#8243; text_text_color=&#8221;#666666&#8243; text_line_height=&#8221;1.5em&#8221; header_font=&#8221;||||||||&#8221; background_size=&#8221;initial&#8221; background_position=&#8221;top_left&#8221; background_repeat=&#8221;repeat&#8221; module_alignment=&#8221;left&#8221; animation_style=&#8221;fold&#8221; animation_direction=&#8221;left&#8221; animation_duration=&#8221;1350ms&#8221; animation_delay=&#8221;50ms&#8221; animation_intensity_fold=&#8221;70%&#8221; use_border_color=&#8221;off&#8221; border_color=&#8221;#ffffff&#8221; border_style=&#8221;solid&#8221;]<\/p>\n<p>En la empresa seguimos innovando en darle m\u00e1s facilidades y mejorar la eficiencia de los productos, fruto de ello, naci\u00f3 el nuevo atomizador D\u00faplex tornado que gracias a un sistema patentado por Marisan hace que la pulverizaci\u00f3n llegue a donde otros no puede.<\/p>\n<p>Gracias a esto Marisan ha conseguido hacerse un hueco en el mercado exterior, estamos presentes en una gran cantidad de pa\u00edses de Europa, \u00c1frica, Asia y pa\u00edses Sud Americanos. Entre los que destaca Cuba donde somos la primera empresa exportadora de maquinaria gracias a la calidad e innovaci\u00f3n enfocados a sus tipos de cultivo.<\/p>\n<p>Desde entonces hasta a d\u00eda de hoy, Marisan sigue dando el mejor servicio al agricultor con sus productos relacionados con la agricultura, probados minuciosamente para poder dar a sus clientes la mejor calidad al mejor precio para que podamos seguir creciendo juntos.<\/p>\n<p>[\/et_pb_text][\/et_pb_column][et_pb_column type=&#8221;1_3&#8243;][\/et_pb_column][\/et_pb_row][\/et_pb_section][et_pb_section bb_built=&#8221;1&#8243; custom_padding_last_edited=&#8221;on|tablet&#8221; _builder_version=&#8221;3.0.89&#8243; background_color_gradient_direction=&#8221;231deg&#8221; background_image=&#8221;https:\/\/marisanvella.lavallweb.com\/wp-content\/uploads\/2017\/12\/travel-landscape-13.png&#8221; parallax=&#8221;on&#8221; custom_padding=&#8221;30px||46px|&#8221; custom_padding_tablet=&#8221;80px||80px|&#8221; prev_background_color=&#8221;#ffffff&#8221;][et_pb_row _builder_version=&#8221;3.0.89&#8243; locked=&#8221;off&#8221;][et_pb_column type=&#8221;4_4&#8243;][et_pb_text admin_label=&#8221;More Places Title&#8221; _builder_version=&#8221;3.0.89&#8243; text_font=&#8221;||||||||&#8221; text_text_shadow_style=&#8221;preset2&#8243; header_font=&#8221;Oswald|on||on|&#8221; header_font_size=&#8221;60px&#8221; header_line_height=&#8221;1.3em&#8221; header_text_shadow_style=&#8221;preset2&#8243; header_text_shadow_blur_strength=&#8221;0.16em&#8221; background_size=&#8221;initial&#8221; background_position=&#8221;top_left&#8221; background_repeat=&#8221;repeat&#8221; text_orientation=&#8221;center&#8221; module_alignment=&#8221;center&#8221; custom_margin=&#8221;|||&#8221; custom_padding=&#8221;|||&#8221; animation_style=&#8221;slide&#8221; animation_direction=&#8221;top&#8221; animation_intensity_slide=&#8221;10%&#8221;]<\/p>\n<h1>nuestra <span style=\"color: #f8cc2e;\">formula<\/span><\/h1>\n<p>[\/et_pb_text][et_pb_divider color=&#8221;#f8cc2e&#8221; show_divider=&#8221;on&#8221; divider_position=&#8221;center&#8221; divider_weight=&#8221;3px&#8221; height=&#8221;false&#8221; disabled_on=&#8221;on|on|off%22&#8243; _builder_version=&#8221;3.0.89&#8243; max_width=&#8221;150px&#8221; module_alignment=&#8221;center&#8221; custom_margin=&#8221;30px|||&#8221; animation_style=&#8221;slide&#8221; animation_direction=&#8221;top&#8221; animation_delay=&#8221;100ms&#8221; animation_intensity_slide=&#8221;10%&#8221; locked=&#8221;off&#8221;]<\/p>\n<p>[\/et_pb_divider][\/et_pb_column][\/et_pb_row][et_pb_row custom_padding=&#8221;70px||22px|&#8221; background_color=&#8221;rgba(255,255,255,0.71)&#8221; _builder_version=&#8221;3.0.89&#8243; animation_style=&#8221;fold&#8221; animation_direction=&#8221;top&#8221; animation_duration=&#8221;1300ms&#8221; animation_delay=&#8221;50ms&#8221; animation_intensity_fold=&#8221;70%&#8221; locked=&#8221;off&#8221;][et_pb_column type=&#8221;1_4&#8243;][et_pb_blurb title=&#8221;1.&#8221; icon_color=&#8221;#ed4441&#8243; image=&#8221;https:\/\/marisanvella.lavallweb.com\/wp-content\/uploads\/2017\/12\/ICONO1-2.png&#8221; _builder_version=&#8221;3.0.89&#8243; header_font=&#8221;Oswald|on||on|&#8221; header_font_size=&#8221;40px&#8221; header_text_color=&#8221;#f8cc2e&#8221; body_font=&#8221;Roboto||||&#8221; body_font_size=&#8221;16px&#8221; body_line_height=&#8221;1.8em&#8221; text_orientation=&#8221;center&#8221; custom_margin=&#8221;|||20px&#8221;]<\/p>\n<p>En Marisan contamos con un excelente equipo tanto material como humano.<\/p>\n<p>[\/et_pb_blurb][\/et_pb_column][et_pb_column type=&#8221;1_4&#8243;][et_pb_blurb title=&#8221;2.&#8221; icon_color=&#8221;#ed4441&#8243; image=&#8221;https:\/\/marisanvella.lavallweb.com\/wp-content\/uploads\/2017\/12\/ICONO2-1.png&#8221; _builder_version=&#8221;3.0.89&#8243; header_font=&#8221;Oswald|on||on|&#8221; header_font_size=&#8221;40px&#8221; header_text_color=&#8221;#f8cc2e&#8221; body_font=&#8221;Roboto||||&#8221; body_font_size=&#8221;16px&#8221; body_line_height=&#8221;1.8em&#8221; text_orientation=&#8221;center&#8221;]<\/p>\n<p>Siempre a la disposici\u00f3n de los agricultores para solucionar todos sus problemas.<\/p>\n<p>[\/et_pb_blurb][\/et_pb_column][et_pb_column type=&#8221;1_4&#8243;][et_pb_blurb title=&#8221;3.&#8221; icon_color=&#8221;#ed4441&#8243; image=&#8221;https:\/\/marisanvella.lavallweb.com\/wp-content\/uploads\/2017\/12\/ICONO3-1.png&#8221; _builder_version=&#8221;3.0.89&#8243; header_font=&#8221;Oswald|on||on|&#8221; header_font_size=&#8221;40px&#8221; header_text_color=&#8221;#f8cc2e&#8221; body_font=&#8221;Roboto||||&#8221; body_font_size=&#8221;16px&#8221; body_line_height=&#8221;1.8em&#8221; text_orientation=&#8221;center&#8221; custom_margin=&#8221;|||&#8221;]<\/p>\n<p>Gracias a nuestra amplia experiencia y nuestro I+D+I.<\/p>\n<p>[\/et_pb_blurb][\/et_pb_column][et_pb_column type=&#8221;1_4&#8243;][et_pb_blurb title=&#8221;4.&#8221; icon_color=&#8221;#ed4441&#8243; image=&#8221;https:\/\/marisanvella.lavallweb.com\/wp-content\/uploads\/2017\/12\/ICONO4-1.png&#8221; _builder_version=&#8221;3.0.89&#8243; header_font=&#8221;Oswald|on||on|&#8221; header_font_size=&#8221;40px&#8221; header_text_color=&#8221;#f8cc2e&#8221; body_font=&#8221;Roboto||||&#8221; body_font_size=&#8221;16px&#8221; body_line_height=&#8221;1.8em&#8221; text_orientation=&#8221;center&#8221;]<\/p>\n<p>Nos permite inventar soluciones creativas y eficaces.<\/p>\n<p>[\/et_pb_blurb][\/et_pb_column][\/et_pb_row][et_pb_row custom_padding=&#8221;0px|0px|27px|0px&#8221; _builder_version=&#8221;3.0.89&#8243; animation_style=&#8221;fold&#8221; animation_direction=&#8221;top&#8221; animation_duration=&#8221;1300ms&#8221; animation_delay=&#8221;50ms&#8221; animation_intensity_fold=&#8221;70%&#8221;][et_pb_column type=&#8221;4_4&#8243;][et_pb_cta admin_label=&#8221;let us Help You&#8221; button_url=&#8221;https:\/\/marisanvella.lavallweb.com\/servicios\/&#8221; button_text=&#8221;consulta nuestros servicios&#8221; use_background_color=&#8221;off&#8221; background_layout=&#8221;light&#8221; module_id=&#8221;toptext&#8221; _builder_version=&#8221;3.17.5&#8243; header_font=&#8221;Oswald|700||on|||||&#8221; header_font_size=&#8221;52px&#8221; header_font_size_tablet=&#8221;36&#8243; header_font_size_phone=&#8221;30&#8243; header_font_size_last_edited=&#8221;on|tablet&#8221; header_text_color=&#8221;#494949&#8243; header_line_height=&#8221;1.2em&#8221; header_text_shadow_style=&#8221;preset2&#8243; body_font=&#8221;Open Sans||||&#8221; body_font_size=&#8221;16&#8243; background_size=&#8221;initial&#8221; background_position=&#8221;top_left&#8221; background_repeat=&#8221;repeat&#8221; custom_padding=&#8221;7%||7%|&#8221; custom_padding_tablet=&#8221;0px||0px|&#8221; custom_padding_last_edited=&#8221;on|desktop&#8221; custom_button=&#8221;on&#8221; button_text_color=&#8221;#ffffff&#8221; button_bg_color=&#8221;#f8cc2e&#8221; button_border_color=&#8221;#ffffff&#8221; button_border_radius=&#8221;0&#8243; button_letter_spacing=&#8221;2&#8243; button_font=&#8221;Oswald|||on|&#8221; button_use_icon=&#8221;default&#8221; button_icon=&#8221;%%32%%&#8221; button_text_color_hover=&#8221;#ffffff&#8221; button_bg_color_hover=&#8221;rgba(0,0,0,0)&#8221; button_border_color_hover=&#8221;#ffffff&#8221; button_border_radius_hover=&#8221;0&#8243; button_letter_spacing_hover=&#8221;2&#8243; button_text_size_phone=&#8221;18&#8243; button_text_size_last_edited=&#8221;on|desktop&#8221; button_text_shadow_style=&#8221;preset2&#8243; custom_css_promo_button=&#8221;margin-top: 30px;&#8221; custom_css_promo_title=&#8221;font-weight: 800;||&#8221; use_border_color=&#8221;off&#8221; border_color=&#8221;#ffffff&#8221; border_style=&#8221;solid&#8221; button_text_size__hover_enabled=&#8221;off&#8221; button_text_size__hover=&#8221;null&#8221; button_one_text_size__hover_enabled=&#8221;off&#8221; button_one_text_size__hover=&#8221;null&#8221; button_two_text_size__hover_enabled=&#8221;off&#8221; button_two_text_size__hover=&#8221;null&#8221; button_text_color__hover_enabled=&#8221;on&#8221; button_text_color__hover=&#8221;#ffffff&#8221; button_one_text_color__hover_enabled=&#8221;off&#8221; button_one_text_color__hover=&#8221;null&#8221; button_two_text_color__hover_enabled=&#8221;off&#8221; button_two_text_color__hover=&#8221;null&#8221; button_border_width__hover_enabled=&#8221;off&#8221; button_border_width__hover=&#8221;null&#8221; button_one_border_width__hover_enabled=&#8221;off&#8221; button_one_border_width__hover=&#8221;null&#8221; button_two_border_width__hover_enabled=&#8221;off&#8221; button_two_border_width__hover=&#8221;null&#8221; button_border_color__hover_enabled=&#8221;on&#8221; button_border_color__hover=&#8221;#ffffff&#8221; button_one_border_color__hover_enabled=&#8221;off&#8221; button_one_border_color__hover=&#8221;null&#8221; button_two_border_color__hover_enabled=&#8221;off&#8221; button_two_border_color__hover=&#8221;null&#8221; button_border_radius__hover_enabled=&#8221;on&#8221; button_border_radius__hover=&#8221;0&#8243; button_one_border_radius__hover_enabled=&#8221;off&#8221; button_one_border_radius__hover=&#8221;null&#8221; button_two_border_radius__hover_enabled=&#8221;off&#8221; button_two_border_radius__hover=&#8221;null&#8221; button_letter_spacing__hover_enabled=&#8221;on&#8221; button_letter_spacing__hover=&#8221;2&#8243; button_one_letter_spacing__hover_enabled=&#8221;off&#8221; button_one_letter_spacing__hover=&#8221;null&#8221; button_two_letter_spacing__hover_enabled=&#8221;off&#8221; button_two_letter_spacing__hover=&#8221;null&#8221; button_bg_color__hover_enabled=&#8221;on&#8221; button_bg_color__hover=&#8221;rgba(0,0,0,0)&#8221; button_one_bg_color__hover_enabled=&#8221;off&#8221; button_one_bg_color__hover=&#8221;null&#8221; button_two_bg_color__hover_enabled=&#8221;off&#8221; button_two_bg_color__hover=&#8221;null&#8221;]<\/p>\n<h2><span style=\"color: #000000;\"><span style=\"color: #ffffff;\">\u00bfquieres<\/span> <span style=\"color: #f8cc2e;\">conocernos<\/span> <span style=\"color: #ffffff;\">mejor?<\/span><\/span><\/h2>\n<p>[\/et_pb_cta][\/et_pb_column][\/et_pb_row][\/et_pb_section]<\/p>\n","protected":false},"excerpt":{"rendered":"<p>nosotros Un poco de Historia&#8230; En Marisan nos dedicamos al desarrollo, dise\u00f1o y fabricaci\u00f3n de atomizadores, pulverizadores, barras de herbicida, remolques y toda clase de equipos para la aplicaci\u00f3n de productos fitosanitarios y la protecci\u00f3n de cultivos en general. Nuestra experiencia como empresa se remonta a m\u00e1s de 100 a\u00f1os al servicio del agricultor que [&hellip;]<\/p>\n","protected":false},"author":1,"featured_media":0,"parent":0,"menu_order":0,"comment_status":"closed","ping_status":"closed","template":"","meta":{"_et_pb_use_builder":"on","_et_pb_old_content":"","_et_gb_content_width":"","footnotes":""},"class_list":["post-204575","page","type-page","status-publish","hentry"],"_links":{"self":[{"href":"https:\/\/marisanvella.lavallweb.com\/index.php?rest_route=\/wp\/v2\/pages\/204575","targetHints":{"allow":["GET"]}}],"collection":[{"href":"https:\/\/marisanvella.lavallweb.com\/index.php?rest_route=\/wp\/v2\/pages"}],"about":[{"href":"https:\/\/marisanvella.lavallweb.com\/index.php?rest_route=\/wp\/v2\/types\/page"}],"author":[{"embeddable":true,"href":"https:\/\/marisanvella.lavallweb.com\/index.php?rest_route=\/wp\/v2\/users\/1"}],"replies":[{"embeddable":true,"href":"https:\/\/marisanvella.lavallweb.com\/index.php?rest_route=%2Fwp%2Fv2%2Fcomments&post=204575"}],"version-history":[{"count":0,"href":"https:\/\/marisanvella.lavallweb.com\/index.php?rest_route=\/wp\/v2\/pages\/204575\/revisions"}],"wp:attachment":[{"href":"https:\/\/marisanvella.lavallweb.com\/index.php?rest_route=%2Fwp%2Fv2%2Fmedia&parent=204575"}],"curies":[{"name":"wp","href":"https:\/\/api.w.org\/{rel}","templated":true}]}}